{"id":661675,"date":"2026-03-22T22:49:17","date_gmt":"2026-03-22T21:49:17","guid":{"rendered":"https:\/\/crunchyco.tosmomi.si\/product\/physalis-original\/"},"modified":"2026-03-22T22:49:17","modified_gmt":"2026-03-22T21:49:17","slug":"physalis-original","status":"publish","type":"product","link":"https:\/\/crunchyco.tosmomi.si\/de\/produkt\/physalis-original\/","title":{"rendered":"Physalis original"},"content":{"rendered":"<header class=\"applekrisp__header\">\n<header class=\"applekrisp__header\">\n<header class=\"applekrisp__header\">\n<header class=\"applekrisp__header\">\n<header class=\"applekrisp__header\">\n<header class=\"applekrisp__header\">\n<header class=\"applekrisp__header\">\n<header class=\"applekrisp__header\">\n<p class=\"applekrisp__lead\">Knusprig vakuumgetrocknete Physalis mit erfrischend s\u00fc\u00df-saurer Note, die das nat\u00fcrliche Aroma und die N\u00e4hrstoffe der frischen Frucht bewahrt.<\/p>\n<\/header>\n<\/header>\n<\/header>\n<\/header>\n<\/header>\n<\/header>\n<\/header>\n<\/header>\n","protected":false},"excerpt":{"rendered":"<p>Knusprig vakuumgetrocknete Physalis mit erfrischend s\u00fc\u00df-saurer Note, die das nat\u00fcrliche Aroma und die N\u00e4hrstoffe der frischen Frucht bewahrt.<\/p>\n","protected":false},"featured_media":660087,"template":"","meta":[],"product_brand":[],"product_cat":[73],"product_tag":[],"class_list":{"0":"post-661675","1":"product","2":"type-product","3":"status-publish","4":"has-post-thumbnail","6":"product_cat-schuttgut","8":"first","9":"instock","10":"shipping-taxable","11":"product-type-simple"},"_links":{"self":[{"href":"https:\/\/crunchyco.tosmomi.si\/de\/wp-json\/wp\/v2\/product\/661675","targetHints":{"allow":["GET"]}}],"collection":[{"href":"https:\/\/crunchyco.tosmomi.si\/de\/wp-json\/wp\/v2\/product"}],"about":[{"href":"https:\/\/crunchyco.tosmomi.si\/de\/wp-json\/wp\/v2\/types\/product"}],"wp:featuredmedia":[{"embeddable":true,"href":"https:\/\/crunchyco.tosmomi.si\/de\/wp-json\/wp\/v2\/media\/660087"}],"wp:attachment":[{"href":"https:\/\/crunchyco.tosmomi.si\/de\/wp-json\/wp\/v2\/media?parent=661675"}],"wp:term":[{"taxonomy":"product_brand","embeddable":true,"href":"https:\/\/crunchyco.tosmomi.si\/de\/wp-json\/wp\/v2\/product_brand?post=661675"},{"taxonomy":"product_cat","embeddable":true,"href":"https:\/\/crunchyco.tosmomi.si\/de\/wp-json\/wp\/v2\/product_cat?post=661675"},{"taxonomy":"product_tag","embeddable":true,"href":"https:\/\/crunchyco.tosmomi.si\/de\/wp-json\/wp\/v2\/product_tag?post=661675"}],"curies":[{"name":"wp","href":"https:\/\/api.w.org\/{rel}","templated":true}]}}