{"id":661585,"date":"2026-03-15T20:04:12","date_gmt":"2026-03-15T19:04:12","guid":{"rendered":"https:\/\/crunchyco.tosmomi.si\/verpackungsanlage\/"},"modified":"2026-04-05T22:27:03","modified_gmt":"2026-04-05T21:27:03","slug":"verpackungsanlage","status":"publish","type":"page","link":"https:\/\/crunchyco.tosmomi.si\/de\/verpackungsanlage\/","title":{"rendered":"Verpackungsanlage"},"content":{"rendered":"\t\t<div data-elementor-type=\"wp-page\" data-elementor-id=\"661585\" class=\"elementor elementor-661585 elementor-659752\">\n\t\t\t\t<div class=\"elementor-element elementor-element-6c6474c e-con-full e-flex e-con e-parent\" data-id=\"6c6474c\" data-element_type=\"container\" data-e-type=\"container\" id=\"pix_section_solutions\">\n\t\t<div class=\"elementor-element elementor-element-38f0483 e-con-full e-flex e-con e-child\" data-id=\"38f0483\" data-element_type=\"container\" data-e-type=\"container\" data-settings=\"{&quot;background_background&quot;:&quot;classic&quot;}\">\n\t\t<div class=\"elementor-element elementor-element-ea51337 e-con-full e-flex e-con e-child\" data-id=\"ea51337\" data-element_type=\"container\" data-e-type=\"container\">\n\t\t\t\t<\/div>\n\t\t\t\t<\/div>\n\t\t\t\t<\/div>\n\t\t<div class=\"elementor-element elementor-element-e2ac320 e-flex e-con-boxed e-con e-parent\" data-id=\"e2ac320\" data-element_type=\"container\" data-e-type=\"container\" id=\"pix_section_features\">\n\t\t\t\t\t<div class=\"e-con-inner\">\n\t\t<div class=\"elementor-element elementor-element-8977f7d e-con-full e-flex e-con e-child\" data-id=\"8977f7d\" data-element_type=\"container\" data-e-type=\"container\">\n\t\t<div class=\"elementor-element elementor-element-7cbd482 e-con-full e-flex e-con e-child\" data-id=\"7cbd482\" data-element_type=\"container\" data-e-type=\"container\">\n\t\t\t\t<\/div>\n\t\t\t\t<\/div>\n\t\t<div class=\"elementor-element elementor-element-7048783 e-con-full e-flex e-con e-child\" data-id=\"7048783\" data-element_type=\"container\" data-e-type=\"container\" data-settings=\"{&quot;background_background&quot;:&quot;classic&quot;}\">\n\t\t\t\t<\/div>\n\t\t\t\t\t<\/div>\n\t\t\t\t<\/div>\n\t\t<div class=\"elementor-element elementor-element-f48c1d9 e-flex e-con-boxed e-con e-parent\" data-id=\"f48c1d9\" data-element_type=\"container\" data-e-type=\"container\">\n\t\t\t\t\t<div class=\"e-con-inner\">\n\t\t<div class=\"elementor-element elementor-element-f78bf7a e-con-full e-flex e-con e-child\" data-id=\"f78bf7a\" data-element_type=\"container\" data-e-type=\"container\">\n\t\t\t\t<\/div>\n\t\t<div class=\"elementor-element elementor-element-3c78332 e-con-full e-flex e-con e-child\" data-id=\"3c78332\" data-element_type=\"container\" data-e-type=\"container\">\n\t\t<div class=\"elementor-element elementor-element-7280fb7 e-con-full e-flex e-con e-child\" data-id=\"7280fb7\" data-element_type=\"container\" data-e-type=\"container\">\n\t\t\t\t<\/div>\n\t\t\t\t<\/div>\n\t\t\t\t\t<\/div>\n\t\t\t\t<\/div>\n\t\t<div class=\"elementor-element elementor-element-8cf10dc e-flex e-con-boxed e-con e-parent\" data-id=\"8cf10dc\" data-element_type=\"container\" data-e-type=\"container\" data-settings=\"{&quot;background_background&quot;:&quot;classic&quot;}\">\n\t\t\t\t\t<div class=\"e-con-inner\">\n\t\t<div class=\"elementor-element elementor-element-bc9fe2c e-con-full e-flex e-con e-child\" data-id=\"bc9fe2c\" data-element_type=\"container\" data-e-type=\"container\">\n\t\t\t\t<\/div>\n\t\t<div class=\"elementor-element elementor-element-855f16c e-con-full e-grid e-con e-child\" data-id=\"855f16c\" data-element_type=\"container\" data-e-type=\"container\">\n\t\t<div class=\"elementor-element elementor-element-00b2261 e-con-full e-flex e-con e-child\" data-id=\"00b2261\" data-element_type=\"container\" data-e-type=\"container\">\n\t\t\t\t<\/div>\n\t\t<div class=\"elementor-element elementor-element-1ed1f8e e-con-full e-flex e-con e-child\" data-id=\"1ed1f8e\" data-element_type=\"container\" data-e-type=\"container\">\n\t\t\t\t<\/div>\n\t\t<div class=\"elementor-element elementor-element-1b2da48 e-con-full e-flex e-con e-child\" data-id=\"1b2da48\" data-element_type=\"container\" data-e-type=\"container\">\n\t\t\t\t<\/div>\n\t\t<div class=\"elementor-element elementor-element-af6085a e-con-full e-flex e-con e-child\" data-id=\"af6085a\" data-element_type=\"container\" data-e-type=\"container\">\n\t\t\t\t<\/div>\n\t\t\t\t<\/div>\n\t\t\t\t\t<\/div>\n\t\t\t\t<\/div>\n\t\t\t\t<\/div>\n\t\t","protected":false},"excerpt":{"rendered":"<p>Zuverl\u00e4ssige Verpackung f\u00fcr Ihre Produkte Moderne&#032; Verpackungsanlage&#032; In unserer Verpackungsanlage gew\u00e4hrleisten wir eine pr\u00e4zise, sichere und flexible Verpackung von Lebensmittelprodukten entsprechend Ihren Anforderungen. Wir erm\u00f6glichen verschiedene Verpackungsarten und -mengen und garantieren eine qualitativ hochwertige Ausf\u00fchrung, die f\u00fcr den Weiterverkauf oder&#8230;<\/p>\n","protected":false},"author":1,"featured_media":0,"parent":0,"menu_order":0,"comment_status":"closed","ping_status":"closed","template":"","meta":{"footnotes":""},"class_list":["post-661585","page","type-page","status-publish","hentry"],"_links":{"self":[{"href":"https:\/\/crunchyco.tosmomi.si\/de\/wp-json\/wp\/v2\/pages\/661585","targetHints":{"allow":["GET"]}}],"collection":[{"href":"https:\/\/crunchyco.tosmomi.si\/de\/wp-json\/wp\/v2\/pages"}],"about":[{"href":"https:\/\/crunchyco.tosmomi.si\/de\/wp-json\/wp\/v2\/types\/page"}],"author":[{"embeddable":true,"href":"https:\/\/crunchyco.tosmomi.si\/de\/wp-json\/wp\/v2\/users\/1"}],"replies":[{"embeddable":true,"href":"https:\/\/crunchyco.tosmomi.si\/de\/wp-json\/wp\/v2\/comments?post=661585"}],"version-history":[{"count":3,"href":"https:\/\/crunchyco.tosmomi.si\/de\/wp-json\/wp\/v2\/pages\/661585\/revisions"}],"predecessor-version":[{"id":661643,"href":"https:\/\/crunchyco.tosmomi.si\/de\/wp-json\/wp\/v2\/pages\/661585\/revisions\/661643"}],"wp:attachment":[{"href":"https:\/\/crunchyco.tosmomi.si\/de\/wp-json\/wp\/v2\/media?parent=661585"}],"curies":[{"name":"wp","href":"https:\/\/api.w.org\/{rel}","templated":true}]}}