{"id":661460,"date":"2025-05-30T15:27:09","date_gmt":"2025-05-30T14:27:09","guid":{"rendered":"https:\/\/crunchyco.tosmomi.si\/startseite\/"},"modified":"2026-04-05T22:27:11","modified_gmt":"2026-04-05T21:27:11","slug":"startseite","status":"publish","type":"page","link":"https:\/\/crunchyco.tosmomi.si\/de\/","title":{"rendered":"Startseite"},"content":{"rendered":"\t\t<div data-elementor-type=\"wp-page\" data-elementor-id=\"661460\" class=\"elementor elementor-661460 elementor-34\">\n\t\t\t\t<div class=\"elementor-element elementor-element-5cda40ff e-con-full elementor-hidden-mobile e-flex e-con e-parent\" data-id=\"5cda40ff\" data-element_type=\"container\" data-e-type=\"container\" data-settings=\"{&quot;background_background&quot;:&quot;classic&quot;}\">\n\t\t<div class=\"elementor-element elementor-element-c7298a8 e-flex e-con-boxed e-con e-child\" data-id=\"c7298a8\" data-element_type=\"container\" data-e-type=\"container\">\n\t\t\t\t\t<div class=\"e-con-inner\">\n\t\t<div class=\"elementor-element elementor-element-d76cca9 e-con-full e-flex e-con e-child\" data-id=\"d76cca9\" data-element_type=\"container\" data-e-type=\"container\">\n\t\t<div class=\"elementor-element elementor-element-ddb977e e-con-full e-flex e-con e-child\" data-id=\"ddb977e\" data-element_type=\"container\" data-e-type=\"container\">\n\t\t\t\t<\/div>\n\t\t<div class=\"elementor-element elementor-element-b6f0f00 e-con-full e-flex e-con e-child\" data-id=\"b6f0f00\" data-element_type=\"container\" data-e-type=\"container\">\n\t\t\t\t<\/div>\n\t\t\t\t<\/div>\n\t\t\t\t\t<\/div>\n\t\t\t\t<\/div>\n\t\t\t\t<\/div>\n\t\t<div class=\"elementor-element elementor-element-68ec6b3 e-con-full elementor-hidden-desktop elementor-hidden-tablet e-flex e-con e-parent\" data-id=\"68ec6b3\" data-element_type=\"container\" data-e-type=\"container\" data-settings=\"{&quot;background_background&quot;:&quot;classic&quot;}\">\n\t\t<div class=\"elementor-element elementor-element-13678fd e-flex e-con-boxed e-con e-child\" data-id=\"13678fd\" data-element_type=\"container\" data-e-type=\"container\">\n\t\t\t\t\t<div class=\"e-con-inner\">\n\t\t<div class=\"elementor-element elementor-element-6107433 e-con-full e-flex e-con e-child\" data-id=\"6107433\" data-element_type=\"container\" data-e-type=\"container\">\n\t\t<div class=\"elementor-element elementor-element-b4200ca e-con-full e-flex e-con e-child\" data-id=\"b4200ca\" data-element_type=\"container\" data-e-type=\"container\">\n\t\t\t\t<\/div>\n\t\t<div class=\"elementor-element elementor-element-cba0a81 e-con-full e-flex e-con e-child\" data-id=\"cba0a81\" data-element_type=\"container\" data-e-type=\"container\">\n\t\t\t\t<\/div>\n\t\t\t\t<\/div>\n\t\t\t\t\t<\/div>\n\t\t\t\t<\/div>\n\t\t\t\t<\/div>\n\t\t<div class=\"elementor-element elementor-element-6c6474c e-flex e-con-boxed e-con e-parent\" data-id=\"6c6474c\" data-element_type=\"container\" data-e-type=\"container\" id=\"pix_section_solutions\">\n\t\t\t\t\t<div class=\"e-con-inner\">\n\t\t<div class=\"elementor-element elementor-element-38f0483 e-con-full e-flex e-con e-child\" data-id=\"38f0483\" data-element_type=\"container\" data-e-type=\"container\">\n\t\t<div class=\"elementor-element elementor-element-ea51337 e-con-full e-flex e-con e-child\" data-id=\"ea51337\" data-element_type=\"container\" data-e-type=\"container\">\n\t\t\t\t<\/div>\n\t\t\t\t<\/div>\n\t\t<div class=\"elementor-element elementor-element-8630f1e e-con-full e-grid e-con e-child\" data-id=\"8630f1e\" data-element_type=\"container\" data-e-type=\"container\">\n\t\t<div class=\"elementor-element elementor-element-31ed2a7 e-con-full e-flex e-con e-child\" data-id=\"31ed2a7\" data-element_type=\"container\" data-e-type=\"container\">\n\t\t<div class=\"elementor-element elementor-element-bafbc7a e-con-full e-flex e-con e-child\" data-id=\"bafbc7a\" data-element_type=\"container\" data-e-type=\"container\">\n\t\t\t\t<\/div>\n\t\t\t\t<\/div>\n\t\t<div class=\"elementor-element elementor-element-085fa81 e-con-full e-flex e-con e-child\" data-id=\"085fa81\" data-element_type=\"container\" data-e-type=\"container\">\n\t\t<div class=\"elementor-element elementor-element-a138ae6 e-con-full e-flex e-con e-child\" data-id=\"a138ae6\" data-element_type=\"container\" data-e-type=\"container\">\n\t\t\t\t<\/div>\n\t\t\t\t<\/div>\n\t\t<div class=\"elementor-element elementor-element-7500daa e-con-full e-flex e-con e-child\" data-id=\"7500daa\" data-element_type=\"container\" data-e-type=\"container\">\n\t\t<div class=\"elementor-element elementor-element-de41e87 e-con-full e-flex e-con e-child\" data-id=\"de41e87\" data-element_type=\"container\" data-e-type=\"container\">\n\t\t\t\t<\/div>\n\t\t\t\t<\/div>\n\t\t\t\t<\/div>\n\t\t\t\t\t<\/div>\n\t\t\t\t<\/div>\n\t\t<div class=\"elementor-element elementor-element-e2ac320 e-flex e-con-boxed e-con e-parent\" data-id=\"e2ac320\" data-element_type=\"container\" data-e-type=\"container\" id=\"pix_section_features\">\n\t\t\t\t\t<div class=\"e-con-inner\">\n\t\t<div class=\"elementor-element elementor-element-8977f7d e-con-full e-flex e-con e-child\" data-id=\"8977f7d\" data-element_type=\"container\" data-e-type=\"container\">\n\t\t<div class=\"elementor-element elementor-element-7cbd482 e-con-full e-flex e-con e-child\" data-id=\"7cbd482\" data-element_type=\"container\" data-e-type=\"container\">\n\t\t\t\t<\/div>\n\t\t\t\t<\/div>\n\t\t<div class=\"elementor-element elementor-element-7048783 e-con-full e-flex e-con e-child\" data-id=\"7048783\" data-element_type=\"container\" data-e-type=\"container\">\n\t\t\t\t<\/div>\n\t\t\t\t\t<\/div>\n\t\t\t\t<\/div>\n\t\t<div class=\"elementor-element elementor-element-db31e13 e-con-full e-flex e-con e-parent\" data-id=\"db31e13\" data-element_type=\"container\" data-e-type=\"container\" data-settings=\"{&quot;background_background&quot;:&quot;classic&quot;}\">\n\t\t<div class=\"elementor-element elementor-element-ea3e74b e-con-full e-flex e-con e-child\" data-id=\"ea3e74b\" data-element_type=\"container\" data-e-type=\"container\">\n\t\t\t\t<\/div>\n\t\t\t\t<\/div>\n\t\t<div class=\"elementor-element elementor-element-625881c7 e-con-full e-flex e-con e-parent\" data-id=\"625881c7\" data-element_type=\"container\" data-e-type=\"container\" id=\"pix_section_about\" data-settings=\"{&quot;background_background&quot;:&quot;classic&quot;}\">\n\t\t<div class=\"elementor-element elementor-element-2b460b7e e-flex e-con-boxed e-con e-child\" data-id=\"2b460b7e\" data-element_type=\"container\" data-e-type=\"container\" data-settings=\"{&quot;background_background&quot;:&quot;classic&quot;}\">\n\t\t\t\t\t<div class=\"e-con-inner\">\n\t\t<div class=\"elementor-element elementor-element-63ba3a11 e-con-full e-flex e-con e-child\" data-id=\"63ba3a11\" data-element_type=\"container\" data-e-type=\"container\">\n\t\t<div class=\"elementor-element elementor-element-223b9b7c e-con-full bg-dark-blur e-flex e-con e-child\" data-id=\"223b9b7c\" data-element_type=\"container\" data-e-type=\"container\">\n\t\t\t\t<\/div>\n\t\t\t\t<\/div>\n\t\t\t\t\t<\/div>\n\t\t\t\t<\/div>\n\t\t\t\t<\/div>\n\t\t<div class=\"elementor-element elementor-element-14d23844 e-flex e-con-boxed e-con e-parent\" data-id=\"14d23844\" data-element_type=\"container\" data-e-type=\"container\">\n\t\t\t\t\t<div class=\"e-con-inner\">\n\t\t<div class=\"elementor-element elementor-element-5305d5a e-con-full e-flex e-con e-child\" data-id=\"5305d5a\" data-element_type=\"container\" data-e-type=\"container\">\n\t\t\t\t<\/div>\n\t\t<div class=\"elementor-element elementor-element-2e038383 e-con-full e-grid e-con e-child\" data-id=\"2e038383\" data-element_type=\"container\" data-e-type=\"container\">\n\t\t<div class=\"elementor-element elementor-element-6536310e e-con-full e-flex e-con e-child\" data-id=\"6536310e\" data-element_type=\"container\" data-e-type=\"container\">\n\t\t\t\t<\/div>\n\t\t<div class=\"elementor-element elementor-element-1effa797 e-con-full e-flex e-con e-child\" data-id=\"1effa797\" data-element_type=\"container\" data-e-type=\"container\">\n\t\t\t\t<\/div>\n\t\t<div class=\"elementor-element elementor-element-4005bc52 e-con-full e-flex e-con e-child\" data-id=\"4005bc52\" data-element_type=\"container\" data-e-type=\"container\">\n\t\t\t\t<\/div>\n\t\t<div class=\"elementor-element elementor-element-5ac82d7 e-con-full e-flex e-con e-child\" data-id=\"5ac82d7\" data-element_type=\"container\" data-e-type=\"container\">\n\t\t\t\t<\/div>\n\t\t\t\t<\/div>\n\t\t\t\t\t<\/div>\n\t\t\t\t<\/div>\n\t\t<div class=\"elementor-element elementor-element-a1986f9 e-flex e-con-boxed e-con e-child\" data-id=\"a1986f9\" data-element_type=\"container\" data-e-type=\"container\" id=\"kontakt\">\n\t\t\t\t\t<div class=\"e-con-inner\">\n\t\t<div class=\"elementor-element elementor-element-8b93f25 e-con-full e-flex e-con e-child\" data-id=\"8b93f25\" data-element_type=\"container\" data-e-type=\"container\">\n\t\t\t\t<\/div>\n\t\t<div class=\"elementor-element elementor-element-d08cc7e e-con-full e-flex e-con e-child\" data-id=\"d08cc7e\" data-element_type=\"container\" data-e-type=\"container\">\n\t\t\t\t<\/div>\n\t\t<div class=\"elementor-element elementor-element-f46f297 e-con-full e-grid e-con e-child\" data-id=\"f46f297\" data-element_type=\"container\" data-e-type=\"container\">\n\t\t<div class=\"elementor-element elementor-element-85ea51a e-con-full e-flex e-con e-child\" data-id=\"85ea51a\" data-element_type=\"container\" data-e-type=\"container\">\n\t\t\t\t<\/div>\n\t\t<div class=\"elementor-element elementor-element-16fd3af e-con-full e-flex e-con e-child\" data-id=\"16fd3af\" data-element_type=\"container\" data-e-type=\"container\">\n\t\t\t\t<\/div>\n\t\t<div class=\"elementor-element elementor-element-0c740f4 e-con-full e-flex e-con e-child\" data-id=\"0c740f4\" data-element_type=\"container\" data-e-type=\"container\">\n\t\t\t\t<\/div>\n\t\t\t\t<\/div>\n\t\t\t\t\t<\/div>\n\t\t\t\t<\/div>\n\t\t\t\t<\/div>\n\t\t","protected":false},"excerpt":{"rendered":"<p>Wir bieten BIO- und konventionelle Produkte Vakuumgetrocknetes&#032; Obst&#032; und&#032; Gem\u00fcse&#032; Hersteller von knusprigem vakuumgetrocknetem Obst und Gem\u00fcse unter Einsatz der patentierten PEX-Technologie. Erhaltene Struktur, intensiver Geschmack, N\u00e4hrwerte. Produkte ansehen Vakuumgetrocknetes&#032; Obst&#032; und&#032; Gem\u00fcse&#032; Hersteller von knusprigem vakuumgetrocknetem Obst und Gem\u00fcse&#8230;<\/p>\n","protected":false},"author":1,"featured_media":0,"parent":0,"menu_order":0,"comment_status":"closed","ping_status":"closed","template":"","meta":{"footnotes":""},"class_list":["post-661460","page","type-page","status-publish","hentry"],"_links":{"self":[{"href":"https:\/\/crunchyco.tosmomi.si\/de\/wp-json\/wp\/v2\/pages\/661460","targetHints":{"allow":["GET"]}}],"collection":[{"href":"https:\/\/crunchyco.tosmomi.si\/de\/wp-json\/wp\/v2\/pages"}],"about":[{"href":"https:\/\/crunchyco.tosmomi.si\/de\/wp-json\/wp\/v2\/types\/page"}],"author":[{"embeddable":true,"href":"https:\/\/crunchyco.tosmomi.si\/de\/wp-json\/wp\/v2\/users\/1"}],"replies":[{"embeddable":true,"href":"https:\/\/crunchyco.tosmomi.si\/de\/wp-json\/wp\/v2\/comments?post=661460"}],"version-history":[{"count":3,"href":"https:\/\/crunchyco.tosmomi.si\/de\/wp-json\/wp\/v2\/pages\/661460\/revisions"}],"predecessor-version":[{"id":661644,"href":"https:\/\/crunchyco.tosmomi.si\/de\/wp-json\/wp\/v2\/pages\/661460\/revisions\/661644"}],"wp:attachment":[{"href":"https:\/\/crunchyco.tosmomi.si\/de\/wp-json\/wp\/v2\/media?parent=661460"}],"curies":[{"name":"wp","href":"https:\/\/api.w.org\/{rel}","templated":true}]}}