{"id":661455,"date":"2026-03-14T16:53:08","date_gmt":"2026-03-14T15:53:08","guid":{"rendered":"https:\/\/crunchyco.tosmomi.si\/verpackte-produkte\/"},"modified":"2026-04-05T22:27:05","modified_gmt":"2026-04-05T21:27:05","slug":"verpackte-produkte","status":"publish","type":"page","link":"https:\/\/crunchyco.tosmomi.si\/de\/verpackte-produkte\/","title":{"rendered":"Verpackte Produkte"},"content":{"rendered":"\t\t<div data-elementor-type=\"wp-page\" data-elementor-id=\"661455\" class=\"elementor elementor-661455 elementor-659664\">\n\t\t\t\t<div class=\"elementor-element elementor-element-5250905 e-con-full e-flex e-con e-parent\" data-id=\"5250905\" data-element_type=\"container\" data-e-type=\"container\">\n\t\t<div class=\"elementor-element elementor-element-0c6bca2 e-con-full e-flex e-con e-child\" data-id=\"0c6bca2\" data-element_type=\"container\" data-e-type=\"container\" data-settings=\"{&quot;background_background&quot;:&quot;classic&quot;}\">\n\t\t<div class=\"elementor-element elementor-element-64d46ae e-con-full e-flex e-con e-child\" data-id=\"64d46ae\" data-element_type=\"container\" data-e-type=\"container\">\n\t\t\t\t<\/div>\n\t\t\t\t<\/div>\n\t\t\t\t<\/div>\n\t\t<div class=\"elementor-element elementor-element-b11f2c6 e-grid e-con-boxed e-con e-parent\" data-id=\"b11f2c6\" data-element_type=\"container\" data-e-type=\"container\">\n\t\t\t\t\t<div class=\"e-con-inner\">\n\t\t<div class=\"elementor-element elementor-element-7edc509 e-con-full e-flex e-con e-child\" data-id=\"7edc509\" data-element_type=\"container\" data-e-type=\"container\">\n\t\t\t\t<div class=\"elementor-element elementor-element-2edb49f elementor-widget elementor-widget-image\" data-id=\"2edb49f\" data-element_type=\"widget\" data-e-type=\"widget\" data-widget_type=\"image.default\">\n\t\t\t\t\t\t\t\t\t\t\t\t\t\t\t<img fetchpriority=\"high\" decoding=\"async\" width=\"640\" height=\"640\" src=\"https:\/\/crunchyco.tosmomi.si\/wp-content\/uploads\/2026\/03\/Jabolcni-krhelj-natur-1024x1024.webp\" class=\"attachment-large size-large wp-image-661410\" alt=\"\" srcset=\"https:\/\/crunchyco.tosmomi.si\/wp-content\/uploads\/2026\/03\/Jabolcni-krhelj-natur-1024x1024.webp 1024w, https:\/\/crunchyco.tosmomi.si\/wp-content\/uploads\/2026\/03\/Jabolcni-krhelj-natur-300x300.webp 300w, https:\/\/crunchyco.tosmomi.si\/wp-content\/uploads\/2026\/03\/Jabolcni-krhelj-natur-150x150.webp 150w, https:\/\/crunchyco.tosmomi.si\/wp-content\/uploads\/2026\/03\/Jabolcni-krhelj-natur-768x768.webp 768w, https:\/\/crunchyco.tosmomi.si\/wp-content\/uploads\/2026\/03\/Jabolcni-krhelj-natur-75x75.webp 75w, https:\/\/crunchyco.tosmomi.si\/wp-content\/uploads\/2026\/03\/Jabolcni-krhelj-natur-460x460.webp 460w, https:\/\/crunchyco.tosmomi.si\/wp-content\/uploads\/2026\/03\/Jabolcni-krhelj-natur-600x600.webp 600w, https:\/\/crunchyco.tosmomi.si\/wp-content\/uploads\/2026\/03\/Jabolcni-krhelj-natur-100x100.webp 100w, https:\/\/crunchyco.tosmomi.si\/wp-content\/uploads\/2026\/03\/Jabolcni-krhelj-natur.webp 1500w\" sizes=\"(max-width: 640px) 100vw, 640px\" \/>\t\t\t\t\t\t\t\t\t\t\t\t\t\t\t<\/div>\n\t\t\t\t<\/div>\n\t\t<div class=\"elementor-element elementor-element-cf47d62 e-con-full e-flex e-con e-child\" data-id=\"cf47d62\" data-element_type=\"container\" data-e-type=\"container\">\n\t\t\t\t<div class=\"elementor-element elementor-element-01f947e elementor-widget elementor-widget-image\" data-id=\"01f947e\" data-element_type=\"widget\" data-e-type=\"widget\" data-widget_type=\"image.default\">\n\t\t\t\t\t\t\t\t\t\t\t\t\t\t\t<img decoding=\"async\" width=\"640\" height=\"640\" src=\"https:\/\/crunchyco.tosmomi.si\/wp-content\/uploads\/2026\/03\/Pomaranca-z-borovnico-1024x1024.webp\" class=\"attachment-large size-large wp-image-661411\" alt=\"\" srcset=\"https:\/\/crunchyco.tosmomi.si\/wp-content\/uploads\/2026\/03\/Pomaranca-z-borovnico-1024x1024.webp 1024w, https:\/\/crunchyco.tosmomi.si\/wp-content\/uploads\/2026\/03\/Pomaranca-z-borovnico-300x300.webp 300w, https:\/\/crunchyco.tosmomi.si\/wp-content\/uploads\/2026\/03\/Pomaranca-z-borovnico-150x150.webp 150w, https:\/\/crunchyco.tosmomi.si\/wp-content\/uploads\/2026\/03\/Pomaranca-z-borovnico-768x768.webp 768w, https:\/\/crunchyco.tosmomi.si\/wp-content\/uploads\/2026\/03\/Pomaranca-z-borovnico-75x75.webp 75w, https:\/\/crunchyco.tosmomi.si\/wp-content\/uploads\/2026\/03\/Pomaranca-z-borovnico-460x460.webp 460w, https:\/\/crunchyco.tosmomi.si\/wp-content\/uploads\/2026\/03\/Pomaranca-z-borovnico-600x600.webp 600w, https:\/\/crunchyco.tosmomi.si\/wp-content\/uploads\/2026\/03\/Pomaranca-z-borovnico-100x100.webp 100w, https:\/\/crunchyco.tosmomi.si\/wp-content\/uploads\/2026\/03\/Pomaranca-z-borovnico.webp 1500w\" sizes=\"(max-width: 640px) 100vw, 640px\" \/>\t\t\t\t\t\t\t\t\t\t\t\t\t\t\t<\/div>\n\t\t\t\t<\/div>\n\t\t<div class=\"elementor-element elementor-element-e22cf24 e-con-full e-flex e-con e-child\" data-id=\"e22cf24\" data-element_type=\"container\" data-e-type=\"container\">\n\t\t\t\t<div class=\"elementor-element elementor-element-d316022 elementor-widget elementor-widget-image\" data-id=\"d316022\" data-element_type=\"widget\" data-e-type=\"widget\" data-widget_type=\"image.default\">\n\t\t\t\t\t\t\t\t\t\t\t\t\t\t\t<img decoding=\"async\" width=\"640\" height=\"640\" src=\"https:\/\/crunchyco.tosmomi.si\/wp-content\/uploads\/2026\/03\/Blazinica-cimet-1024x1024.webp\" class=\"attachment-large size-large wp-image-661412\" alt=\"\" srcset=\"https:\/\/crunchyco.tosmomi.si\/wp-content\/uploads\/2026\/03\/Blazinica-cimet-1024x1024.webp 1024w, https:\/\/crunchyco.tosmomi.si\/wp-content\/uploads\/2026\/03\/Blazinica-cimet-300x300.webp 300w, https:\/\/crunchyco.tosmomi.si\/wp-content\/uploads\/2026\/03\/Blazinica-cimet-150x150.webp 150w, https:\/\/crunchyco.tosmomi.si\/wp-content\/uploads\/2026\/03\/Blazinica-cimet-768x768.webp 768w, https:\/\/crunchyco.tosmomi.si\/wp-content\/uploads\/2026\/03\/Blazinica-cimet-75x75.webp 75w, https:\/\/crunchyco.tosmomi.si\/wp-content\/uploads\/2026\/03\/Blazinica-cimet-460x460.webp 460w, https:\/\/crunchyco.tosmomi.si\/wp-content\/uploads\/2026\/03\/Blazinica-cimet-600x600.webp 600w, https:\/\/crunchyco.tosmomi.si\/wp-content\/uploads\/2026\/03\/Blazinica-cimet-100x100.webp 100w, https:\/\/crunchyco.tosmomi.si\/wp-content\/uploads\/2026\/03\/Blazinica-cimet.webp 1500w\" sizes=\"(max-width: 640px) 100vw, 640px\" \/>\t\t\t\t\t\t\t\t\t\t\t\t\t\t\t<\/div>\n\t\t\t\t<\/div>\n\t\t<div class=\"elementor-element elementor-element-05086a4 e-con-full e-flex e-con e-child\" data-id=\"05086a4\" data-element_type=\"container\" data-e-type=\"container\">\n\t\t\t\t<div class=\"elementor-element elementor-element-46b527a elementor-widget elementor-widget-image\" data-id=\"46b527a\" data-element_type=\"widget\" data-e-type=\"widget\" data-widget_type=\"image.default\">\n\t\t\t\t\t\t\t\t\t\t\t\t\t\t\t<img loading=\"lazy\" decoding=\"async\" width=\"640\" height=\"640\" src=\"https:\/\/crunchyco.tosmomi.si\/wp-content\/uploads\/2026\/03\/Mango-z-jagodo-1024x1024.webp\" class=\"attachment-large size-large wp-image-661413\" alt=\"\" srcset=\"https:\/\/crunchyco.tosmomi.si\/wp-content\/uploads\/2026\/03\/Mango-z-jagodo-1024x1024.webp 1024w, https:\/\/crunchyco.tosmomi.si\/wp-content\/uploads\/2026\/03\/Mango-z-jagodo-300x300.webp 300w, https:\/\/crunchyco.tosmomi.si\/wp-content\/uploads\/2026\/03\/Mango-z-jagodo-150x150.webp 150w, https:\/\/crunchyco.tosmomi.si\/wp-content\/uploads\/2026\/03\/Mango-z-jagodo-768x768.webp 768w, https:\/\/crunchyco.tosmomi.si\/wp-content\/uploads\/2026\/03\/Mango-z-jagodo-75x75.webp 75w, https:\/\/crunchyco.tosmomi.si\/wp-content\/uploads\/2026\/03\/Mango-z-jagodo-460x460.webp 460w, https:\/\/crunchyco.tosmomi.si\/wp-content\/uploads\/2026\/03\/Mango-z-jagodo-600x600.webp 600w, https:\/\/crunchyco.tosmomi.si\/wp-content\/uploads\/2026\/03\/Mango-z-jagodo-100x100.webp 100w, https:\/\/crunchyco.tosmomi.si\/wp-content\/uploads\/2026\/03\/Mango-z-jagodo.webp 1500w\" sizes=\"(max-width: 640px) 100vw, 640px\" \/>\t\t\t\t\t\t\t\t\t\t\t\t\t\t\t<\/div>\n\t\t\t\t<\/div>\n\t\t<div class=\"elementor-element elementor-element-ed09ebc e-con-full e-flex e-con e-child\" data-id=\"ed09ebc\" data-element_type=\"container\" data-e-type=\"container\">\n\t\t\t\t<div class=\"elementor-element elementor-element-1f2be4a elementor-widget elementor-widget-image\" data-id=\"1f2be4a\" data-element_type=\"widget\" data-e-type=\"widget\" data-widget_type=\"image.default\">\n\t\t\t\t\t\t\t\t\t\t\t\t\t\t\t<img loading=\"lazy\" decoding=\"async\" width=\"640\" height=\"640\" src=\"https:\/\/crunchyco.tosmomi.si\/wp-content\/uploads\/2026\/03\/Kokos-bela-cokolada-1024x1024.webp\" class=\"attachment-large size-large wp-image-661414\" alt=\"\" srcset=\"https:\/\/crunchyco.tosmomi.si\/wp-content\/uploads\/2026\/03\/Kokos-bela-cokolada-1024x1024.webp 1024w, https:\/\/crunchyco.tosmomi.si\/wp-content\/uploads\/2026\/03\/Kokos-bela-cokolada-300x300.webp 300w, https:\/\/crunchyco.tosmomi.si\/wp-content\/uploads\/2026\/03\/Kokos-bela-cokolada-150x150.webp 150w, https:\/\/crunchyco.tosmomi.si\/wp-content\/uploads\/2026\/03\/Kokos-bela-cokolada-768x768.webp 768w, https:\/\/crunchyco.tosmomi.si\/wp-content\/uploads\/2026\/03\/Kokos-bela-cokolada-75x75.webp 75w, https:\/\/crunchyco.tosmomi.si\/wp-content\/uploads\/2026\/03\/Kokos-bela-cokolada-460x460.webp 460w, https:\/\/crunchyco.tosmomi.si\/wp-content\/uploads\/2026\/03\/Kokos-bela-cokolada-600x600.webp 600w, https:\/\/crunchyco.tosmomi.si\/wp-content\/uploads\/2026\/03\/Kokos-bela-cokolada-100x100.webp 100w, https:\/\/crunchyco.tosmomi.si\/wp-content\/uploads\/2026\/03\/Kokos-bela-cokolada.webp 1500w\" sizes=\"(max-width: 640px) 100vw, 640px\" \/>\t\t\t\t\t\t\t\t\t\t\t\t\t\t\t<\/div>\n\t\t\t\t<\/div>\n\t\t<div class=\"elementor-element elementor-element-70726de e-con-full e-flex e-con e-child\" data-id=\"70726de\" data-element_type=\"container\" data-e-type=\"container\">\n\t\t\t\t<div class=\"elementor-element elementor-element-714406f elementor-widget elementor-widget-image\" data-id=\"714406f\" data-element_type=\"widget\" data-e-type=\"widget\" data-widget_type=\"image.default\">\n\t\t\t\t\t\t\t\t\t\t\t\t\t\t\t<img loading=\"lazy\" decoding=\"async\" width=\"640\" height=\"640\" src=\"https:\/\/crunchyco.tosmomi.si\/wp-content\/uploads\/2026\/03\/Malina-bela-cokolada-1024x1024.webp\" class=\"attachment-large size-large wp-image-661415\" alt=\"\" srcset=\"https:\/\/crunchyco.tosmomi.si\/wp-content\/uploads\/2026\/03\/Malina-bela-cokolada-1024x1024.webp 1024w, https:\/\/crunchyco.tosmomi.si\/wp-content\/uploads\/2026\/03\/Malina-bela-cokolada-300x300.webp 300w, https:\/\/crunchyco.tosmomi.si\/wp-content\/uploads\/2026\/03\/Malina-bela-cokolada-150x150.webp 150w, https:\/\/crunchyco.tosmomi.si\/wp-content\/uploads\/2026\/03\/Malina-bela-cokolada-768x768.webp 768w, https:\/\/crunchyco.tosmomi.si\/wp-content\/uploads\/2026\/03\/Malina-bela-cokolada-75x75.webp 75w, https:\/\/crunchyco.tosmomi.si\/wp-content\/uploads\/2026\/03\/Malina-bela-cokolada-460x460.webp 460w, https:\/\/crunchyco.tosmomi.si\/wp-content\/uploads\/2026\/03\/Malina-bela-cokolada-600x600.webp 600w, https:\/\/crunchyco.tosmomi.si\/wp-content\/uploads\/2026\/03\/Malina-bela-cokolada-100x100.webp 100w, https:\/\/crunchyco.tosmomi.si\/wp-content\/uploads\/2026\/03\/Malina-bela-cokolada.webp 1500w\" sizes=\"(max-width: 640px) 100vw, 640px\" \/>\t\t\t\t\t\t\t\t\t\t\t\t\t\t\t<\/div>\n\t\t\t\t<\/div>\n\t\t<div class=\"elementor-element elementor-element-781960d e-con-full e-flex e-con e-child\" data-id=\"781960d\" data-element_type=\"container\" data-e-type=\"container\">\n\t\t\t\t<div class=\"elementor-element elementor-element-953392c elementor-widget elementor-widget-image\" data-id=\"953392c\" data-element_type=\"widget\" data-e-type=\"widget\" data-widget_type=\"image.default\">\n\t\t\t\t\t\t\t\t\t\t\t\t\t\t\t<img loading=\"lazy\" decoding=\"async\" width=\"640\" height=\"640\" src=\"https:\/\/crunchyco.tosmomi.si\/wp-content\/uploads\/2026\/03\/Obrocki-1024x1024.webp\" class=\"attachment-large size-large wp-image-661402\" alt=\"\" srcset=\"https:\/\/crunchyco.tosmomi.si\/wp-content\/uploads\/2026\/03\/Obrocki-1024x1024.webp 1024w, https:\/\/crunchyco.tosmomi.si\/wp-content\/uploads\/2026\/03\/Obrocki-300x300.webp 300w, https:\/\/crunchyco.tosmomi.si\/wp-content\/uploads\/2026\/03\/Obrocki-150x150.webp 150w, https:\/\/crunchyco.tosmomi.si\/wp-content\/uploads\/2026\/03\/Obrocki-768x768.webp 768w, https:\/\/crunchyco.tosmomi.si\/wp-content\/uploads\/2026\/03\/Obrocki-75x75.webp 75w, https:\/\/crunchyco.tosmomi.si\/wp-content\/uploads\/2026\/03\/Obrocki-460x460.webp 460w, https:\/\/crunchyco.tosmomi.si\/wp-content\/uploads\/2026\/03\/Obrocki-600x600.webp 600w, https:\/\/crunchyco.tosmomi.si\/wp-content\/uploads\/2026\/03\/Obrocki-100x100.webp 100w, https:\/\/crunchyco.tosmomi.si\/wp-content\/uploads\/2026\/03\/Obrocki.webp 1500w\" sizes=\"(max-width: 640px) 100vw, 640px\" \/>\t\t\t\t\t\t\t\t\t\t\t\t\t\t\t<\/div>\n\t\t\t\t<\/div>\n\t\t<div class=\"elementor-element elementor-element-7a6e82e e-con-full e-flex e-con e-child\" data-id=\"7a6e82e\" data-element_type=\"container\" data-e-type=\"container\">\n\t\t\t\t<div class=\"elementor-element elementor-element-0aff528 elementor-widget elementor-widget-image\" data-id=\"0aff528\" data-element_type=\"widget\" data-e-type=\"widget\" data-widget_type=\"image.default\">\n\t\t\t\t\t\t\t\t\t\t\t\t\t\t\t<img loading=\"lazy\" decoding=\"async\" width=\"640\" height=\"640\" src=\"https:\/\/crunchyco.tosmomi.si\/wp-content\/uploads\/2026\/03\/Koscki-ananas-1024x1024.webp\" class=\"attachment-large size-large wp-image-661416\" alt=\"\" srcset=\"https:\/\/crunchyco.tosmomi.si\/wp-content\/uploads\/2026\/03\/Koscki-ananas-1024x1024.webp 1024w, https:\/\/crunchyco.tosmomi.si\/wp-content\/uploads\/2026\/03\/Koscki-ananas-300x300.webp 300w, https:\/\/crunchyco.tosmomi.si\/wp-content\/uploads\/2026\/03\/Koscki-ananas-150x150.webp 150w, https:\/\/crunchyco.tosmomi.si\/wp-content\/uploads\/2026\/03\/Koscki-ananas-768x768.webp 768w, https:\/\/crunchyco.tosmomi.si\/wp-content\/uploads\/2026\/03\/Koscki-ananas-75x75.webp 75w, https:\/\/crunchyco.tosmomi.si\/wp-content\/uploads\/2026\/03\/Koscki-ananas-460x460.webp 460w, https:\/\/crunchyco.tosmomi.si\/wp-content\/uploads\/2026\/03\/Koscki-ananas-600x600.webp 600w, https:\/\/crunchyco.tosmomi.si\/wp-content\/uploads\/2026\/03\/Koscki-ananas-100x100.webp 100w, https:\/\/crunchyco.tosmomi.si\/wp-content\/uploads\/2026\/03\/Koscki-ananas.webp 1500w\" sizes=\"(max-width: 640px) 100vw, 640px\" \/>\t\t\t\t\t\t\t\t\t\t\t\t\t\t\t<\/div>\n\t\t\t\t<\/div>\n\t\t<div class=\"elementor-element elementor-element-5361436 e-con-full e-flex e-con e-child\" data-id=\"5361436\" data-element_type=\"container\" data-e-type=\"container\">\n\t\t\t\t<div class=\"elementor-element elementor-element-8cd55e6 elementor-widget elementor-widget-image\" data-id=\"8cd55e6\" data-element_type=\"widget\" data-e-type=\"widget\" data-widget_type=\"image.default\">\n\t\t\t\t\t\t\t\t\t\t\t\t\t\t\t<img loading=\"lazy\" decoding=\"async\" width=\"640\" height=\"640\" src=\"https:\/\/crunchyco.tosmomi.si\/wp-content\/uploads\/2026\/03\/Tropic-1024x1024.webp\" class=\"attachment-large size-large wp-image-661417\" alt=\"\" srcset=\"https:\/\/crunchyco.tosmomi.si\/wp-content\/uploads\/2026\/03\/Tropic-1024x1024.webp 1024w, https:\/\/crunchyco.tosmomi.si\/wp-content\/uploads\/2026\/03\/Tropic-300x300.webp 300w, https:\/\/crunchyco.tosmomi.si\/wp-content\/uploads\/2026\/03\/Tropic-150x150.webp 150w, https:\/\/crunchyco.tosmomi.si\/wp-content\/uploads\/2026\/03\/Tropic-768x768.webp 768w, https:\/\/crunchyco.tosmomi.si\/wp-content\/uploads\/2026\/03\/Tropic-75x75.webp 75w, https:\/\/crunchyco.tosmomi.si\/wp-content\/uploads\/2026\/03\/Tropic-460x460.webp 460w, https:\/\/crunchyco.tosmomi.si\/wp-content\/uploads\/2026\/03\/Tropic-600x600.webp 600w, https:\/\/crunchyco.tosmomi.si\/wp-content\/uploads\/2026\/03\/Tropic-100x100.webp 100w, https:\/\/crunchyco.tosmomi.si\/wp-content\/uploads\/2026\/03\/Tropic.webp 1500w\" sizes=\"(max-width: 640px) 100vw, 640px\" \/>\t\t\t\t\t\t\t\t\t\t\t\t\t\t\t<\/div>\n\t\t\t\t<\/div>\n\t\t\t\t\t<\/div>\n\t\t\t\t<\/div>\n\t\t\t\t<\/div>\n\t\t","protected":false},"excerpt":{"rendered":"<p>Fertige Produkte f\u00fcr den Verkauf oder Vertrieb Verpackte&#32; Produkte&#32; Unsere verpackten Produkte sind bereit f\u00fcr den direkten Verkauf, Vertrieb oder zur Integration in Ihr Angebot. Vakuumgetrocknete Fr\u00fcchte bewahren ihren nat\u00fcrlichen Geschmack, ihre Farbe und ihre N\u00e4hrwerte und stellen einen modernen&#8230;<\/p>\n","protected":false},"author":1,"featured_media":0,"parent":0,"menu_order":0,"comment_status":"closed","ping_status":"closed","template":"","meta":{"footnotes":""},"class_list":["post-661455","page","type-page","status-publish","hentry"],"_links":{"self":[{"href":"https:\/\/crunchyco.tosmomi.si\/de\/wp-json\/wp\/v2\/pages\/661455","targetHints":{"allow":["GET"]}}],"collection":[{"href":"https:\/\/crunchyco.tosmomi.si\/de\/wp-json\/wp\/v2\/pages"}],"about":[{"href":"https:\/\/crunchyco.tosmomi.si\/de\/wp-json\/wp\/v2\/types\/page"}],"author":[{"embeddable":true,"href":"https:\/\/crunchyco.tosmomi.si\/de\/wp-json\/wp\/v2\/users\/1"}],"replies":[{"embeddable":true,"href":"https:\/\/crunchyco.tosmomi.si\/de\/wp-json\/wp\/v2\/comments?post=661455"}],"version-history":[{"count":1,"href":"https:\/\/crunchyco.tosmomi.si\/de\/wp-json\/wp\/v2\/pages\/661455\/revisions"}],"predecessor-version":[{"id":661459,"href":"https:\/\/crunchyco.tosmomi.si\/de\/wp-json\/wp\/v2\/pages\/661455\/revisions\/661459"}],"wp:attachment":[{"href":"https:\/\/crunchyco.tosmomi.si\/de\/wp-json\/wp\/v2\/media?parent=661455"}],"curies":[{"name":"wp","href":"https:\/\/api.w.org\/{rel}","templated":true}]}}